{"id":35,"date":"2018-07-28T07:47:55","date_gmt":"2018-07-28T07:47:55","guid":{"rendered":"http:\/\/demo.casethemes.net\/unfinityplus-industrial-\/?page_id=35"},"modified":"2026-01-11T12:09:23","modified_gmt":"2026-01-11T12:09:23","slug":"home","status":"publish","type":"page","link":"https:\/\/duplantier-plomberie.fr\/","title":{"rendered":"Home"},"content":{"rendered":"<div class=\"wpb-content-wrapper\"><p>[vc_row full_width=&#8221;stretch_row_content_no_spaces&#8221; el_id=&#8221;accueil&#8221;][vc_column css=&#8221;.vc_custom_1543227937761{padding-top: 0px !important;}&#8221;]\n\t\t\t\t<p class=\"rs-p-wp-fix\"><\/p>\n\t\t\t\t<sr7-module data-alias=\"home1\" data-id=\"1\" id=\"SR7_1_1\" class=\"rs-ov-hidden\" data-version=\"6.7.40\">\n\t\t\t\t\t<sr7-adjuster><\/sr7-adjuster>\n\t\t\t\t\t<sr7-content>\n\t\t\t\t\t\t<sr7-slide id=\"SR7_1_1-2\" data-key=\"2\">\n\t\t\t\t\t\t\t<sr7-bg id=\"SR7_1_1-2-7\" class=\"sr7-layer\"><noscript><img decoding=\"async\" src=\"http:\/\/duplantier-plomberie.fr\/wp-content\/uploads\/2025\/12\/1-WhatsApp%20Image%202025-12-19%20at%2016.34.17.jpeg\" alt=\"salle de bain\" title=\"WhatsApp Image 2025-12-19 at 16.34.17\"><\/noscript><\/sr7-bg>\n\t\t\t\t\t\t\t<sr7-txt id=\"SR7_1_1-2-0\" class=\"sr7-layer\"><i>La propret\u00e9 du travail, <\/i><br \/>\n<\/sr7-txt>\n\t\t\t\t\t\t\t<sr7-txt id=\"SR7_1_1-2-3\" class=\"sr7-layer\">L\u2019exigence du conseil, <\/sr7-txt>\n\t\t\t\t\t\t\t<sr7-txt id=\"SR7_1_1-2-6\" class=\"sr7-layer\"><i>La rigueur des d\u00e9lais<\/i><\/sr7-txt>\n\t\t\t\t\t\t<\/sr7-slide>\n\t\t\t\t\t\t<sr7-slide id=\"SR7_1_1-6\" data-key=\"6\">\n\t\t\t\t\t\t\t<sr7-txt id=\"SR7_1_1-6-4\" class=\"sr7-layer\">Votre artisan plombier<\/sr7-txt>\n\t\t\t\t\t\t\t<sr7-txt id=\"SR7_1_1-6-5\" class=\"sr7-layer\"> <i>local<\/i><\/sr7-txt>\n\t\t\t\t\t\t\t<sr7-txt id=\"SR7_1_1-6-8\" class=\"sr7-layer\"><i>exp\u00e9riment\u00e9<\/i><\/sr7-txt>\n\t\t\t\t\t\t\t<sr7-txt id=\"SR7_1_1-6-9\" class=\"sr7-layer\"><i> et fiable<\/i><\/sr7-txt>\n\t\t\t\t\t\t<\/sr7-slide>\n\t\t\t\t\t\t<sr7-slide id=\"SR7_1_1-5\" data-key=\"5\">\n\t\t\t\t\t\t\t<sr7-bg id=\"SR7_1_1-5-4\" class=\"sr7-layer\"><noscript><img decoding=\"async\" src=\"http:\/\/duplantier-plomberie.fr\/wp-content\/uploads\/2025\/12\/IMG_0651.jpg\" alt=\"\" title=\"IMG_0651\"><\/noscript><\/sr7-bg>\n\t\t\t\t\t\t\t<sr7-txt id=\"SR7_1_1-5-2\" class=\"sr7-layer\">Meilleur apprenti de France 2002\n\n\n<\/sr7-txt>\n\t\t\t\t\t\t\t<sr7-txt id=\"SR7_1_1-5-3\" class=\"sr7-layer\">Plomberie-sanitaire-chauffage<\/sr7-txt>\n\t\t\t\t\t\t<\/sr7-slide>\n\t\t\t\t\t<\/sr7-content>\n\t\t\t\t\t<image_lists style=\"display:none\">\n\t\t\t\t\t\t<img data-src=\"\/\/duplantier-plomberie.fr\/wp-content\/uploads\/2025\/12\/IMG_0651.jpg\" data-libid=\"1043\" data-lib=\"medialibrary\" title=\"IMG_0651\" width=\"0\" height=\"0\" data-dbsrc=\"Ly9kdXBsYW50aWVyLXBsb21iZXJpZS5mci93cC1jb250ZW50L3VwbG9hZHMvMjAyNS8xMi9JTUdfMDY1MS5qcGc=\"\/>\n\t\t\t\t\t\t<img data-src=\"\/\/duplantier-plomberie.fr\/wp-content\/uploads\/2025\/12\/1-WhatsApp%20Image%202025-12-19%20at%2016.34.17.jpeg\" data-libid=\"1039\" data-lib=\"medialibrary\" alt=\"salle de bain\" title=\"WhatsApp Image 2025-12-19 at 16.34.17\" width=\"0\" height=\"0\" data-dbsrc=\"Ly9kdXBsYW50aWVyLXBsb21iZXJpZS5mci93cC1jb250ZW50L3VwbG9hZHMvMjAyNS8xMi8xLVdoYXRzQXBwJTIwSW1hZ2UlMjAyMDI1LTEyLTE5JTIwYXQlMjAxNi4zNC4xNy5qcGVn\"\/>\n\t\t\t\t\t\t<img data-src=\"\/\/duplantier-plomberie.fr\/wp-content\/uploads\/2026\/01\/2- .jpg\" data-libid=\"1179\" width=\"0\" height=\"0\" data-dbsrc=\"Ly9kdXBsYW50aWVyLXBsb21iZXJpZS5mci93cC1jb250ZW50L3VwbG9hZHMvMjAyNi8wMS8yLSAuanBn\"\/>\n\t\t\t\t\t<\/image_lists>\n\t\t\t\t<\/sr7-module>\n\t\t\t\t<script>\n\t\t\t\t\tSR7.PMH ??={}; SR7.PMH[\"SR7_1_1\"] = {cn:100,state:false,fn: function() { if (_tpt!==undefined && _tpt.prepareModuleHeight !== undefined) {  _tpt.prepareModuleHeight({id:\"SR7_1_1\",el:[715,715,715,680,680],type:'standard',shdw:'0',gh:[715,715,715,680,680],gw:[1200,1200,1024,778,480],vpt:['-100px&#039;,&#039;-100px&#039;,&#039;-100px&#039;,&#039;-100px&#039;,&#039;-100px'],size:{fullWidth:true, fullHeight:false},mh:'0',onh:0,onw:0,bg:{color:'{\"orig\":\"transparent\",\"type\":\"solid\",\"string\":\"transparent\"}'},plType:'0',plColor:'#FFFFFF'});   SR7.PMH[\"SR7_1_1\"].state=true;} else if(SR7.PMH[\"SR7_1_1\"].cn-->0)\tsetTimeout( SR7.PMH[\"SR7_1_1\"].fn,19);}};SR7.PMH[\"SR7_1_1\" ].fn();\n\t\t\t\t<\/script>\n[\/vc_column][\/vc_row][vc_row el_id=&#8221;services&#8221;][vc_column css=&#8221;.vc_custom_1551083740690{padding-top: 63px !important;padding-bottom: 120px !important;}&#8221;][vc_row_inner content_placement=&#8221;top&#8221;][vc_column_inner width=&#8221;1\/3&#8243; css=&#8221;.vc_custom_1551084850379{padding-top: 57px !important;}&#8221; animation_column=&#8221;fadeInUp&#8221;][cms_fancybox cms_template=&#8221;cms_fancybox&#8211;layout6.php&#8221; title_color=&#8221;#000000&#8243; l6_image=&#8221;1046&#8243; title=&#8221;Cr\u00e9ation et r\u00e9novation de salle de bain&#8221; description=&#8221;Je vous accompagne dans la cr\u00e9ation et la r\u00e9novation compl\u00e8te de votre salle de bain, du simple rafra\u00eechissement \u00e0 la transformation totale.<\/p>\n<p>Mon objectif : vous proposer une salle de bain fonctionnelle, esth\u00e9tique et durable, parfaitement adapt\u00e9e \u00e0 vos besoins et \u00e0 votre budget.&#8221;][\/vc_column_inner][vc_column_inner width=&#8221;1\/3&#8243; css=&#8221;.vc_custom_1551084856384{padding-top: 57px !important;}&#8221; animation_column=&#8221;fadeInUp&#8221;][cms_fancybox cms_template=&#8221;cms_fancybox&#8211;layout6.php&#8221; title_color=&#8221;#000000&#8243; l6_image=&#8221;1045&#8243; title=&#8221;Installation et d\u00e9pannage chauffage&#8221; description=&#8221;Je suis sp\u00e9cialis\u00e9 dans l\u2019installation, la r\u00e9novation et le d\u00e9pannage de syst\u00e8mes de chauffage pour les particuliers et les professionnels.<\/p>\n<p>En tant qu\u2019artisan chauffagiste local, j&#8217;interviens rapidement pour assurer votre confort thermique tout au long de l\u2019ann\u00e9e.&#8221;][\/vc_column_inner][vc_column_inner width=&#8221;1\/3&#8243; css=&#8221;.vc_custom_1551084862960{padding-top: 57px !important;}&#8221; animation_column=&#8221;fadeInUp&#8221;][cms_fancybox cms_template=&#8221;cms_fancybox&#8211;layout6.php&#8221; l6_image=&#8221;1051&#8243; description=&#8221;J&#8217;interviens rapidement pour tout d\u00e9pannage de plomberie sanitaire \u00e0 Vielle-Saint-Girons et dans les communes environnantes.<\/p>\n<p>En tant qu\u2019artisan plombier local, j&#8217;assure des r\u00e9parations efficaces, durables et conformes aux normes pour r\u00e9tablir votre confort dans les meilleurs d\u00e9lais.&#8221; title=&#8221;D\u00e9pannage plomberie\/sanitaire&#8221;][\/vc_column_inner][\/vc_row_inner][vc_row_inner][vc_column_inner width=&#8221;1\/3&#8243; css=&#8221;.vc_custom_1551084882995{padding-top: 57px !important;}&#8221; animation_column=&#8221;fadeInUp&#8221;][cms_fancybox cms_template=&#8221;cms_fancybox&#8211;layout6.php&#8221; l6_image=&#8221;1055&#8243; title=&#8221;D\u00e9pannage\/Remplacement chauffe eau&#8221; description=&#8221;Une panne d\u2019eau chaude peut vite devenir contraignante. J&#8217;interviens sur tous types de pannes :<br \/>\n&#8211; Chauffe-eau qui ne chauffe plus<br \/>\n&#8211; Disjonction ou probl\u00e8me \u00e9lectrique<br \/>\n&#8211; Fuite sur ballon d\u2019eau chaude<br \/>\n&#8211; Groupe de s\u00e9curit\u00e9 d\u00e9fectueux<br \/>\n&#8211; Thermostat ou r\u00e9sistance HS<\/p>\n<p>Chaque intervention commence par un diagnostic pr\u00e9cis, afin de r\u00e9parer lorsque c\u2019est possible et d\u2019\u00e9viter un remplacement inutile.&#8221;][\/vc_column_inner][vc_column_inner width=&#8221;1\/3&#8243; css=&#8221;.vc_custom_1551084876344{padding-top: 57px !important;}&#8221; animation_column=&#8221;fadeInUp&#8221;][cms_fancybox cms_template=&#8221;cms_fancybox&#8211;layout6.php&#8221; l6_image=&#8221;1058&#8243; title=&#8221;Recherche de fuite d&#8217;eau&#8221; description=&#8221;Une fuite d\u2019eau, visible ou invisible, peut entra\u00eener des d\u00e9g\u00e2ts importants et une surconsommation d\u2019eau.<\/p>\n<p>Je me suis sp\u00e9cialis\u00e9 dans la recherche de fuite d\u2019eau, avec des m\u00e9thodes efficaces permettant de localiser pr\u00e9cis\u00e9ment l\u2019origine de la fuite sans d\u00e9gradations inutiles.&#8221;][\/vc_column_inner][vc_column_inner width=&#8221;1\/3&#8243; css=&#8221;.vc_custom_1551084869176{padding-top: 57px !important;}&#8221; animation_column=&#8221;fadeInUp&#8221;][cms_fancybox cms_template=&#8221;cms_fancybox&#8211;layout6.php&#8221; l6_image=&#8221;1060&#8243; title=&#8221;WC&#8221; description=&#8221;J&#8217;assure la pose et le remplacement de WC, qu\u2019il s\u2019agisse de WC \u00e0 poser ou de WC suspendus, en neuf comme en r\u00e9novation.<\/p>\n<p>En tant qu\u2019artisan plombier, je garantis une installation fiable, esth\u00e9tique et conforme aux normes, pour un confort durable.&#8221;][\/vc_column_inner][\/vc_row_inner][\/vc_column][\/vc_row][vc_row full_width=&#8221;stretch_row&#8221; ct_row_class=&#8221;bg-primary&#8221;][vc_column css=&#8221;.vc_custom_1551089450441{padding-top: 40px !important;padding-bottom: 40px !important;}&#8221;][cms_cta icon_type=&#8221;image&#8221; icon_image=&#8221;752&#8243; btn_link=&#8221;url:%23contact&#8221; sub_title=&#8221;N&#8217;attendez plus&#8221; title=&#8221;Demandez un devis&#8221; btn_text=&#8221;Demande de Devis&#8221;][\/vc_column][\/vc_row][vc_row css=&#8221;.vc_custom_1768061306566{padding-top: 120px !important;padding-bottom: 120px !important;}&#8221; el_id=&#8221;apropos&#8221;][vc_column width=&#8221;1\/2&#8243;][cms_heading text=&#8221;Qui suis je?&#8221; font_weight=&#8221;&#8221; letter_spacing=&#8221;-0.025em&#8221; title_layout=&#8221;style-industrial&#8221; margin_bottom=&#8221;0&#8243; margin_top=&#8221;-8&#8243;][vc_column_text css=&#8221;.vc_custom_1768061843365{padding-top: 28px !important;}&#8221;]<\/p>\n<div class=\"elementor-element elementor-element-55196cb elementor-widget elementor-widget-heading\" data-id=\"55196cb\" data-element_type=\"widget\" data-widget_type=\"heading.default\">\n<div class=\"elementor-widget-container\">\n<h2 class=\"elementor-heading-title elementor-size-default\">Bienvenue chez Duplantier Plomberie<\/h2>\n<\/div>\n<\/div>\n<div class=\"elementor-element elementor-element-47a0c48 elementor-widget elementor-widget-heading\" data-id=\"47a0c48\" data-element_type=\"widget\" data-widget_type=\"heading.default\">\n<div class=\"elementor-widget-container\">\n<h3 class=\"elementor-heading-title elementor-size-default\">Votre Plombier \u00e0 Vielle Saint Girons,<\/h3>\n<\/div>\n<\/div>\n<div class=\"elementor-element elementor-element-e30a27d elementor-widget elementor-widget-text-editor\" data-id=\"e30a27d\" data-element_type=\"widget\" data-widget_type=\"text-editor.default\">\n<div class=\"elementor-widget-container\">\n<p>&nbsp;<\/p>\n<p>Je suis heureux de vous accueillir sur mon site DUPLANTIER PLOMBERIE. En tant que <strong>plombiers experts \u00e0 Vielle Saint Girons<\/strong>, je mets notre savoir-faire et ma passion au service de vos projets de plomberie.<\/p>\n<p>Que vous soyez\u00a0\u00e0 la recherche d\u2019une<strong> installation sanitaire et chauffage<\/strong>,\u00a0d\u2019une<strong> r\u00e9paration <\/strong>ou d\u2019une<strong> urgence<\/strong>, je vous offre des services de qualit\u00e9 sup\u00e9rieure, r\u00e9alis\u00e9s avec soin et professionnalisme.<\/p>\n<p><em>Je me d\u00e9place sur Lit et mixe, Saint julien en Born, L\u00e9vignac, Lesperon, Castets, Vielle Saint Girons, Saint Michel d\u2019escalus, L\u00e9on, Moliets, Messange, Magescq, Soustons, Vieux boucau, Uza, M\u00e9zos, Onesse et Laharie, Contis, Linxe, Azur&#8230;<\/em><\/p>\n<\/div>\n<\/div>\n<p>[\/vc_column_text][vc_empty_space height=&#8221;23&#8243;][cms_phone_info layout=&#8221;layout2&#8243; phone=&#8221;0613058359&#8243; title=&#8221;Contactez moi&#8221;][cms_space space_lg=&#8221;0&#8243; space_md=&#8221;0&#8243; space_sm=&#8221;0&#8243; space_xs=&#8221;65&#8243;][\/vc_column][vc_column css_animation=&#8221;fadeInRight&#8221; width=&#8221;1\/2&#8243; ct_column_class=&#8221;rm-padding-md&#8221; css=&#8221;.vc_custom_1551104628200{padding-top: 0px !important;padding-left: 90px !important;}&#8221;][vc_single_image image=&#8221;1105&#8243; css=&#8221;&#8221;][vc_single_image image=&#8221;1107&#8243; css=&#8221;&#8221;][\/vc_column][\/vc_row][vc_row full_width=&#8221;stretch_row&#8221; css=&#8221;.vc_custom_1768061319342{background-color: #e9eef0 !important;}&#8221; el_id=&#8221;temoignages&#8221;][vc_column css=&#8221;.vc_custom_1551148199676{padding-top: 111px !important;padding-bottom: 90px !important;}&#8221;][cms_heading text=&#8221;Avis clients&#8221; align_lg=&#8221;align-center&#8221; align_md=&#8221;align-center-md&#8221; align_sm=&#8221;align-center-sm&#8221; align_xs=&#8221;align-center-xs&#8221; font_size=&#8221;30&#8243; font_size_md=&#8221;30&#8243; font_size_sm=&#8221;30&#8243; font_size_xs=&#8221;30&#8243; font_weight=&#8221;&#8221; letter_spacing=&#8221;-0.025em&#8221; title_layout=&#8221;style-industrial&#8221; margin_bottom=&#8221;0&#8243;][vc_column_text css=&#8221;&#8221;]<div id=\"google-business-reviews-rating\" class=\"google-business-reviews-rating gmbrr columns two carousel\" data-view=\"2\">\r\n\t<h2 class=\"heading\"><span class=\"icon\"><img decoding=\"async\" src=\"https:\/\/maps.gstatic.com\/mapfiles\/place_api\/icons\/v1\/png_71\/generic_business-71.png\" alt=\"Duplantier Plomberie Icon\"><\/span>Duplantier Plomberie<\/h2>\r\n\t<p class=\"vicinity\">278 All. du Baco, Vielle-Saint-Girons<\/p>\r\n\t<p class=\"rating\"><span class=\"number\">5,0<\/span> <span class=\"all-stars animate\"><span class=\"star\"><\/span><span class=\"star\"><\/span><span class=\"star\"><\/span><span class=\"star\"><\/span><span class=\"star\"><\/span><\/span> <a href=\"https:\/\/search.google.com\/local\/reviews?placeid=ChIJCYONuLf7Uw0RHHay8f-wxv4\" target=\"_blank\" rel=\"nofollow\" class=\"count\">4 reviews<\/a><\/p>\r\n<ul class=\"listing\">\r\n\t\t<li class=\"rating-5 visible\" data-index=\"0\">\r\n\t\t\t<span class=\"author-avatar\"><a href=\"https:\/\/www.google.com\/maps\/contrib\/110711760570980350109\/reviews\" target=\"_blank\" rel=\"nofollow\"><img decoding=\"async\" src=\"https:\/\/lh3.googleusercontent.com\/a-\/ALV-UjWKCAtYOvQUvPM1qkWZR_l5sO3O9Nr4E_0NbwSk0U3B1Q_Qxs8d=s128-c0x00000000-cc-rp-mo\" alt=\"Avatar\"><\/a><\/span>\r\n\t\t\t<span class=\"review-meta\">\r\n\t\t\t\t<span class=\"author-name\"><a href=\"https:\/\/www.google.com\/maps\/contrib\/110711760570980350109\/reviews\" target=\"_blank\" rel=\"nofollow\">Valade Laura<\/a><\/span>\r\n\t\t\t\t<span class=\"rating\">\u2605\u2605\u2605\u2605\u2605<\/span>\r\n\t\t\t\t<span class=\"relative-time-description\">il y a une semaine<\/span>\r\n\t\t\t<\/span>\r\n\t\t\t<div class=\"text text-excerpt\"><span class=\"review-snippet\">Plombier tr\u00e8s r\u00e9actif et professionnel. Suite \u00e0 un probl\u00e8me de robinet, il est intervenu dans la matin\u00e9e, avec efficacit\u00e9 et bonne humeur. Travail propre,<\/span> <span class=\"review-more-placeholder\">\u2026 More<\/span><span class=\"review-full-text\"> rapide et soign\u00e9. Le probl\u00e8me a \u00e9t\u00e9 r\u00e9gl\u00e9 imm\u00e9diatement. Tarification honn\u00eate, sans mauvaise surprise. Agr\u00e9ablement surprise, je recommande sans h\u00e9siter.<\/span><\/div>\r\n\t\t<\/li>\r\n\t\t<li class=\"rating-5 visible\" data-index=\"1\">\r\n\t\t\t<span class=\"author-avatar\"><a href=\"https:\/\/www.google.com\/maps\/contrib\/108946338721088541254\/reviews\" target=\"_blank\" rel=\"nofollow\"><img decoding=\"async\" src=\"https:\/\/lh3.googleusercontent.com\/a-\/ALV-UjVBf3DNmmrkgXiROISl_31N8o6cckakE6BUummqlyoVJpzOSRfk=s128-c0x00000000-cc-rp-mo\" alt=\"Avatar\"><\/a><\/span>\r\n\t\t\t<span class=\"review-meta\">\r\n\t\t\t\t<span class=\"author-name\"><a href=\"https:\/\/www.google.com\/maps\/contrib\/108946338721088541254\/reviews\" target=\"_blank\" rel=\"nofollow\">Marie Christine MESPLET<\/a><\/span>\r\n\t\t\t\t<span class=\"rating\">\u2605\u2605\u2605\u2605\u2605<\/span>\r\n\t\t\t\t<span class=\"relative-time-description\">il y a un mois<\/span>\r\n\t\t\t<\/span>\r\n\t\t\t<div class=\"text\">Un grand merci \u00e0 cet artisan qui s&#039;est montr\u00e9 tr\u00e8s ponctuel, efficace, vraiment tr\u00e8s pro.<br>\n\t\t\t\tJe recommande \u00e0 100%<\/div>\r\n\t\t<\/li>\r\n\t\t<li class=\"rating-5 hidden\" data-index=\"2\">\r\n\t\t\t<span class=\"author-avatar\"><a href=\"https:\/\/www.google.com\/maps\/contrib\/117692373922757039266\/reviews\" target=\"_blank\" rel=\"nofollow\"><img decoding=\"async\" src=\"https:\/\/lh3.googleusercontent.com\/a\/ACg8ocKMvpKaGcdgLs79F3oF58wj79Dv-vv7cNBUywm7rQdY6xlUaA=s128-c0x00000000-cc-rp-mo\" alt=\"Avatar\"><\/a><\/span>\r\n\t\t\t<span class=\"review-meta\">\r\n\t\t\t\t<span class=\"author-name\"><a href=\"https:\/\/www.google.com\/maps\/contrib\/117692373922757039266\/reviews\" target=\"_blank\" rel=\"nofollow\">Catherine Olmiccia<\/a><\/span>\r\n\t\t\t\t<span class=\"rating\">\u2605\u2605\u2605\u2605\u2605<\/span>\r\n\t\t\t\t<span class=\"relative-time-description\">il y a un mois<\/span>\r\n\t\t\t<\/span>\r\n\t\t\t<div class=\"text\">Intervention rapide et efficace !<br>\n\t\t\t\tJe recommande<\/div>\r\n\t\t<\/li>\r\n\t\t<li class=\"rating-5 hidden\" data-index=\"3\">\r\n\t\t\t<span class=\"author-avatar\"><a href=\"https:\/\/www.google.com\/maps\/contrib\/100038439131184588999\/reviews\" target=\"_blank\" rel=\"nofollow\"><img decoding=\"async\" src=\"https:\/\/lh3.googleusercontent.com\/a\/ACg8ocIyBRlTgHCrb8ausLVL1nweEfP6JvkcIFaj-q0_q1fGvKmE=s128-c0x00000000-cc-rp-mo\" alt=\"Avatar\"><\/a><\/span>\r\n\t\t\t<span class=\"review-meta\">\r\n\t\t\t\t<span class=\"author-name\"><a href=\"https:\/\/www.google.com\/maps\/contrib\/100038439131184588999\/reviews\" target=\"_blank\" rel=\"nofollow\">P Troussi<\/a><\/span>\r\n\t\t\t\t<span class=\"rating\">\u2605\u2605\u2605\u2605\u2605<\/span>\r\n\t\t\t\t<span class=\"relative-time-description\">il y a une semaine<\/span>\r\n\t\t\t<\/span>\r\n\t\t\t<div class=\"text text-excerpt\"><span class=\"review-snippet\">Plusieurs interventions au domicile, toujours un travail professionnel de qualit\u00e9, propret\u00e9 du chantier, conseils et respect de la ponctualit\u00e9 des rdv,<\/span> <span class=\"review-more-placeholder\">\u2026 More<\/span><span class=\"review-full-text\"> je recommande vivement<\/span><\/div>\r\n\t\t<\/li>\r\n\t<\/ul>\r\n\t<ul class=\"navigation\">\t\t<li class=\"bullet current\"><a href=\"#google-business-reviews-rating\" data-slide=\"1\">\u25cf<\/a><\/li>\t\t<li class=\"bullet\"><a href=\"#google-business-reviews-rating\" data-slide=\"2\">\u25cf<\/a><\/li>\t<\/ul>\t<p class=\"attribution\"><span class=\"powered-by-google\" title=\"Powered by Google\"><\/span><\/p>\r\n<\/div>\r\n[\/vc_column_text][\/vc_column][\/vc_row][vc_row full_width=&#8221;stretch_row&#8221; el_id=&#8221;contact&#8221;][vc_column css_animation=&#8221;fadeIn&#8221; width=&#8221;1\/2&#8243; css=&#8221;.vc_custom_1766224504385{padding-top: 115px !important;}&#8221;][cms_contact_form id=&#8221;10&#8243; form_style=&#8221;form-style3&#8243; animation=&#8221;none&#8221;][\/vc_column][vc_column width=&#8221;1\/2&#8243; css=&#8221;.vc_custom_1766278857163{padding-top: 115px !important;}&#8221;][vc_column_text css=&#8221;&#8221;]<\/p>\n<div style=\"color: black;\">DUPLANTIER PLOMBERIE<br \/>\n278 All\u00e9e du Baco<br \/>\n40260 Vielle Saint Girons<\/div>\n<p>[\/vc_column_text][vc_goo_maps location=&#8221;Duplantier Plomberie 278 All. du Baco, 40560 Vielle-Saint-Girons,&#8221; css=&#8221;&#8221;][\/vc_column][\/vc_row][vc_section][\/vc_section]<\/p>\n<\/div>","protected":false},"excerpt":{"rendered":"<p>[vc_row full_width=&#8221;stretch_row_content_no_spaces&#8221; el_id=&#8221;accueil&#8221;][vc_column css=&#8221;.vc_custom_1543227937761{padding-top: 0px !important;}&#8221;][\/vc_column][\/vc_row][vc_row el_id=&#8221;services&#8221;][vc_column css=&#8221;.vc_custom_1551083740690{padding-top: 63px !important;padding-bottom: 120px !important;}&#8221;][vc_row_inner content_placement=&#8221;top&#8221;][vc_column_inner width=&#8221;1\/3&#8243; css=&#8221;.vc_custom_1551084850379{padding-top: 57px !important;}&#8221; animation_column=&#8221;fadeInUp&#8221;][cms_fancybox cms_template=&#8221;cms_fancybox&#8211;layout6.php&#8221; title_color=&#8221;#000000&#8243; l6_image=&#8221;1046&#8243; title=&#8221;Cr\u00e9ation et r\u00e9novation de salle de bain&#8221; description=&#8221;Je vous accompagne dans la cr\u00e9ation et la r\u00e9novation compl\u00e8te de votre salle de bain, du simple rafra\u00eechissement \u00e0 la transformation totale. Mon objectif : vous proposer [&hellip;]<\/p>\n","protected":false},"author":2,"featured_media":1074,"parent":0,"menu_order":0,"comment_status":"closed","ping_status":"closed","template":"","meta":{"footnotes":""},"class_list":["post-35","page","type-page","status-publish","has-post-thumbnail","hentry"],"_links":{"self":[{"href":"https:\/\/duplantier-plomberie.fr\/index.php\/wp-json\/wp\/v2\/pages\/35","targetHints":{"allow":["GET"]}}],"collection":[{"href":"https:\/\/duplantier-plomberie.fr\/index.php\/wp-json\/wp\/v2\/pages"}],"about":[{"href":"https:\/\/duplantier-plomberie.fr\/index.php\/wp-json\/wp\/v2\/types\/page"}],"author":[{"embeddable":true,"href":"https:\/\/duplantier-plomberie.fr\/index.php\/wp-json\/wp\/v2\/users\/2"}],"replies":[{"embeddable":true,"href":"https:\/\/duplantier-plomberie.fr\/index.php\/wp-json\/wp\/v2\/comments?post=35"}],"version-history":[{"count":96,"href":"https:\/\/duplantier-plomberie.fr\/index.php\/wp-json\/wp\/v2\/pages\/35\/revisions"}],"predecessor-version":[{"id":1181,"href":"https:\/\/duplantier-plomberie.fr\/index.php\/wp-json\/wp\/v2\/pages\/35\/revisions\/1181"}],"wp:featuredmedia":[{"embeddable":true,"href":"https:\/\/duplantier-plomberie.fr\/index.php\/wp-json\/wp\/v2\/media\/1074"}],"wp:attachment":[{"href":"https:\/\/duplantier-plomberie.fr\/index.php\/wp-json\/wp\/v2\/media?parent=35"}],"curies":[{"name":"wp","href":"https:\/\/api.w.org\/{rel}","templated":true}]}}